{"id":8,"date":"2020-06-29T08:08:03","date_gmt":"2020-06-29T08:08:03","guid":{"rendered":"http:\/\/sw-themes.com\/porto_dummy\/elementor\/digital-agency2\/?page_id=8"},"modified":"2021-11-25T15:21:17","modified_gmt":"2021-11-25T18:21:17","slug":"sobre-nos","status":"publish","type":"page","link":"https:\/\/starclic.com.br\/index.php\/sobre-nos\/","title":{"rendered":"Sobre N\u00f3s"},"content":{"rendered":"\t\t<div data-elementor-type=\"wp-page\" data-elementor-id=\"8\" class=\"elementor elementor-8\" data-elementor-settings=\"[]\">\n\t\t\t\t\t\t\t<div class=\"elementor-section-wrap\">\n\t\t\t\t\t\t\t<section class=\"elementor-section elementor-top-section elementor-element elementor-element-bad065e py-4 elementor-section-full_width elementor-section-height-default elementor-section-height-default\" data-id=\"bad065e\" data-element_type=\"section\">\r\n\t\t\t\r\n\t\t\t\t\t\t\t\t\t<div class=\"elementor-container elementor-column-gap-no\">\r\n\t\t\t\t\t\t\t\t\t\t\t<div class=\"elementor-column elementor-col-100 elementor-top-column elementor-element elementor-element-6dc9a25\" data-id=\"6dc9a25\" data-element_type=\"column\">\n\t\t\t<div class=\"elementor-widget-wrap elementor-element-populated\">\n\t\t\t\t\t\t\t\t<div class=\"elementor-element elementor-element-5483890 col-xl-7 py-4 py-xl-0 px-0 elementor-widget elementor-widget-image\" data-id=\"5483890\" data-element_type=\"widget\" data-widget_type=\"image.default\">\n\t\t\t\t<div class=\"elementor-widget-container\">\n\t\t\t\t\t\t\t\t\t\t\t\t\t\t\t<img width=\"2560\" height=\"1707\" src=\"https:\/\/starclic.com.br\/wp-content\/uploads\/2021\/11\/IMG_9330-scaled.jpg\" class=\"attachment-full size-full\" alt=\"\" loading=\"lazy\" srcset=\"https:\/\/starclic.com.br\/wp-content\/uploads\/2021\/11\/IMG_9330-scaled.jpg 2560w, https:\/\/starclic.com.br\/wp-content\/uploads\/2021\/11\/IMG_9330-1024x683.jpg 1024w, https:\/\/starclic.com.br\/wp-content\/uploads\/2021\/11\/IMG_9330-768x512.jpg 768w, https:\/\/starclic.com.br\/wp-content\/uploads\/2021\/11\/IMG_9330-1536x1024.jpg 1536w, https:\/\/starclic.com.br\/wp-content\/uploads\/2021\/11\/IMG_9330-2048x1365.jpg 2048w, https:\/\/starclic.com.br\/wp-content\/uploads\/2021\/11\/IMG_9330-640x427.jpg 640w, https:\/\/starclic.com.br\/wp-content\/uploads\/2021\/11\/IMG_9330-400x267.jpg 400w, https:\/\/starclic.com.br\/wp-content\/uploads\/2021\/11\/IMG_9330-367x245.jpg 367w\" sizes=\"(max-width: 2560px) 100vw, 2560px\" \/>\t\t\t\t\t\t\t\t\t\t\t\t\t\t\t<\/div>\n\t\t\t\t<\/div>\n\t\t\t\t<div class=\"elementor-element elementor-element-1f91d24 col-xl-7 ml-xl-auto about-us-featured-block px-0 p-zigzag white right z-index-1 elementor-widget elementor-widget-porto_ultimate_heading\" data-id=\"1f91d24\" data-element_type=\"widget\" data-widget_type=\"porto_ultimate_heading.default\">\n\t\t\t\t<div class=\"elementor-widget-container\">\n\t\t\t<div class=\"porto-u-heading\" data-hspacer=\"no_spacer\" data-halign=\"right\" style=\"text-align:right\"><div class=\"porto-u-main-heading\"><h5  style=\"margin-bottom: 20px;\">Para sua melhor vers\u00e3o<\/h5><\/div><div class=\"porto-u-sub-heading\" style=\"\"><p>Uma vis\u00e3o de excel\u00eancia<\/p><\/div><\/div>\t\t<\/div>\n\t\t\t\t<\/div>\n\t\t\t\t<section class=\"elementor-section elementor-inner-section elementor-element elementor-element-b3c65d2 my-4 mt-xl-0 elementor-section-boxed elementor-section-height-default elementor-section-height-default\" data-id=\"b3c65d2\" data-element_type=\"section\">\r\n\t\t\t\r\n\t\t\t\t\t\t\t\t\t<div class=\"elementor-container elementor-column-gap-default\">\r\n\t\t\t\t\t\t\t\t\t\t\t<div class=\"elementor-column elementor-col-50 elementor-inner-column elementor-element elementor-element-72576dc\" data-id=\"72576dc\" data-element_type=\"column\">\n\t\t\t<div class=\"elementor-widget-wrap elementor-element-populated\">\n\t\t\t\t\t\t\t\t<div class=\"elementor-element elementor-element-4a2aa93 elementor-invisible elementor-widget elementor-widget-porto_ultimate_heading\" data-id=\"4a2aa93\" data-element_type=\"widget\" data-settings=\"{&quot;_animation&quot;:&quot;fadeInLeft&quot;,&quot;_animation_delay&quot;:300}\" data-widget_type=\"porto_ultimate_heading.default\">\n\t\t\t\t<div class=\"elementor-widget-container\">\n\t\t\t<div class=\"porto-u-heading\" data-hspacer=\"no_spacer\" data-halign=\"inherit\" style=\"text-align:inherit\"><div class=\"porto-u-sub-heading\" style=\"\"><p>Fundada em 2010, em Itapetininga, S\u00e3o Paulo, em parceria com a multinacional Shamir Optical Industry Ltd., o Starclic se consolidou como ind\u00fastria especializada em produ\u00e7\u00e3o de lentes oft\u00e1lmicas de alta performance.<\/p><p>Tendo como pilares a qualidade e a transpar\u00eancia para com seus clientes, o laborat\u00f3rio trabalha com equipamentos e tratamentos de \u00faltima gera\u00e7\u00e3o, aliados a um atendimento e suporte personalizados, a fim de superar as expectativas de seus parceiros.<\/p><p>Utilizando a tecnologia Free Form, duas marcas se sobressaem em seu cat\u00e1logo.<\/p><p>\u00a0<\/p><\/div><\/div>\t\t<\/div>\n\t\t\t\t<\/div>\n\t\t\t\t\t<\/div>\n\t\t<\/div>\n\t\t\t\t<div class=\"elementor-column elementor-col-50 elementor-inner-column elementor-element elementor-element-66cb6d4 col-lg-7 ml-lg-auto px-0 \" data-id=\"66cb6d4\" data-element_type=\"column\">\n\t\t\t<div class=\"elementor-widget-wrap elementor-element-populated\">\n\t\t\t\t\t\t\t\t<div class=\"elementor-element elementor-element-dc52e3d elementor-arrows-position-inside elementor-pagination-position-outside elementor-widget elementor-widget-image-carousel\" data-id=\"dc52e3d\" data-element_type=\"widget\" data-settings=\"{&quot;slides_to_show&quot;:&quot;1&quot;,&quot;navigation&quot;:&quot;both&quot;,&quot;autoplay&quot;:&quot;yes&quot;,&quot;pause_on_hover&quot;:&quot;yes&quot;,&quot;pause_on_interaction&quot;:&quot;yes&quot;,&quot;autoplay_speed&quot;:5000,&quot;infinite&quot;:&quot;yes&quot;,&quot;effect&quot;:&quot;slide&quot;,&quot;speed&quot;:500}\" data-widget_type=\"image-carousel.default\">\n\t\t\t\t<div class=\"elementor-widget-container\">\n\t\t\t\t\t<div class=\"elementor-image-carousel-wrapper swiper-container\" dir=\"ltr\">\n\t\t\t<div class=\"elementor-image-carousel swiper-wrapper\">\n\t\t\t\t<div class=\"swiper-slide\"><figure class=\"swiper-slide-inner\"><img class=\"swiper-slide-image\" src=\"https:\/\/starclic.com.br\/wp-content\/uploads\/2021\/11\/IMG_9321-640x427.jpg\" alt=\"IMG_9321\" \/><\/figure><\/div><div class=\"swiper-slide\"><figure class=\"swiper-slide-inner\"><img class=\"swiper-slide-image\" src=\"https:\/\/starclic.com.br\/wp-content\/uploads\/2021\/11\/Lab-PG6-640x658.png\" alt=\"Lab-PG6\" \/><\/figure><\/div><div class=\"swiper-slide\"><figure class=\"swiper-slide-inner\"><img class=\"swiper-slide-image\" src=\"https:\/\/starclic.com.br\/wp-content\/uploads\/2021\/11\/Lab-PG3-1-640x427.png\" alt=\"Lab-PG3\" \/><\/figure><\/div>\t\t\t<\/div>\n\t\t\t\t\t\t\t\t\t\t\t\t<div class=\"swiper-pagination\"><\/div>\n\t\t\t\t\t\t\t\t\t\t\t\t\t<div class=\"elementor-swiper-button elementor-swiper-button-prev\">\n\t\t\t\t\t\t<i class=\"eicon-chevron-left\" aria-hidden=\"true\"><\/i>\n\t\t\t\t\t\t<span class=\"elementor-screen-only\">Anterior<\/span>\n\t\t\t\t\t<\/div>\n\t\t\t\t\t<div class=\"elementor-swiper-button elementor-swiper-button-next\">\n\t\t\t\t\t\t<i class=\"eicon-chevron-right\" aria-hidden=\"true\"><\/i>\n\t\t\t\t\t\t<span class=\"elementor-screen-only\">Pr\u00f3ximo<\/span>\n\t\t\t\t\t<\/div>\n\t\t\t\t\t\t\t\t\t<\/div>\n\t\t\t\t<\/div>\n\t\t\t\t<\/div>\n\t\t\t\t\t<\/div>\n\t\t<\/div>\n\t\t\t\t\t\t<\/div>\r\n\t\t\t\t<\/section>\r\n\t\t\t\t\t<\/div>\n\t\t<\/div>\n\t\t\t\t\t\t<\/div>\r\n\t\t\t\t<\/section>\r\n\t\t\t\t<section class=\"elementor-section elementor-top-section elementor-element elementor-element-59e6ec1 background-color-dark mt-lg-5 mb-5 elementor-section-boxed elementor-section-height-default elementor-section-height-default\" data-id=\"59e6ec1\" data-element_type=\"section\">\r\n\t\t\t\r\n\t\t\t\t\t\t\t\t\t<div class=\"elementor-container elementor-column-gap-default\">\r\n\t\t\t\t\t\t\t\t\t\t\t<div class=\"elementor-column elementor-col-33 elementor-top-column elementor-element elementor-element-54862ce\" data-id=\"54862ce\" data-element_type=\"column\">\n\t\t\t<div class=\"elementor-widget-wrap elementor-element-populated\">\n\t\t\t\t\t\t\t\t<div class=\"elementor-element elementor-element-b14b368 elementor-widget elementor-widget-porto_stat_counter\" data-id=\"b14b368\" data-element_type=\"widget\" data-widget_type=\"porto_stat_counter.default\">\n\t\t\t\t<div class=\"elementor-widget-container\">\n\t\t\t<div class=\"stats-block stats-top  \"><div class=\"stats-desc\"><div id=\"counter_82729152969f763fac509a\" data-id=\"counter_82729152969f763fac509a\" class=\"stats-number\" style=\" \" data-speed=\"3\" data-counter-value=\"11\" data-separator=\",\" data-decimal=\".\">0<\/div><div class=\"counter_suffix mycust\" style=\" \">+<\/div><div class=\"stats-text\" style=\"\">Anos no Mercado<\/div><\/div><\/div>\t\t<\/div>\n\t\t\t\t<\/div>\n\t\t\t\t\t<\/div>\n\t\t<\/div>\n\t\t\t\t<div class=\"elementor-column elementor-col-33 elementor-top-column elementor-element elementor-element-a1a6cd1\" data-id=\"a1a6cd1\" data-element_type=\"column\">\n\t\t\t<div class=\"elementor-widget-wrap elementor-element-populated\">\n\t\t\t\t\t\t\t\t<div class=\"elementor-element elementor-element-3dcb8df elementor-widget elementor-widget-porto_stat_counter\" data-id=\"3dcb8df\" data-element_type=\"widget\" data-widget_type=\"porto_stat_counter.default\">\n\t\t\t\t<div class=\"elementor-widget-container\">\n\t\t\t<div class=\"stats-block stats-top  \"><div class=\"stats-desc\"><div id=\"counter_75247330369f763fac6e2a\" data-id=\"counter_75247330369f763fac6e2a\" class=\"stats-number\" style=\" \" data-speed=\"3\" data-counter-value=\"300\" data-separator=\",\" data-decimal=\".\">0<\/div><div class=\"counter_suffix mycust\" style=\" \">+<\/div><div class=\"stats-text\" style=\"\">Clientes<\/div><\/div><\/div>\t\t<\/div>\n\t\t\t\t<\/div>\n\t\t\t\t\t<\/div>\n\t\t<\/div>\n\t\t\t\t<div class=\"elementor-column elementor-col-33 elementor-top-column elementor-element elementor-element-4e15b77\" data-id=\"4e15b77\" data-element_type=\"column\">\n\t\t\t<div class=\"elementor-widget-wrap elementor-element-populated\">\n\t\t\t\t\t\t\t\t<div class=\"elementor-element elementor-element-38f0569 elementor-widget elementor-widget-porto_stat_counter\" data-id=\"38f0569\" data-element_type=\"widget\" data-widget_type=\"porto_stat_counter.default\">\n\t\t\t\t<div class=\"elementor-widget-container\">\n\t\t\t<div class=\"stats-block stats-top  \"><div class=\"stats-desc\"><div id=\"counter_131797245369f763fac8d3d\" data-id=\"counter_131797245369f763fac8d3d\" class=\"stats-number\" style=\" \" data-speed=\"3\" data-counter-value=\"22\" data-separator=\",\" data-decimal=\".\">0<\/div><div class=\"counter_suffix mycust\" style=\" \">+<\/div><div class=\"stats-text\" style=\"\">Team Members<\/div><\/div><\/div>\t\t<\/div>\n\t\t\t\t<\/div>\n\t\t\t\t\t<\/div>\n\t\t<\/div>\n\t\t\t\t\t\t<\/div>\r\n\t\t\t\t<\/section>\r\n\t\t\t\t<section class=\"elementor-section elementor-top-section elementor-element elementor-element-c3f1cb0 elementor-section-boxed elementor-section-height-default elementor-section-height-default\" data-id=\"c3f1cb0\" data-element_type=\"section\">\r\n\t\t\t\r\n\t\t\t\t\t\t\t\t\t<div class=\"elementor-container elementor-column-gap-default\">\r\n\t\t\t\t\t\t\t\t\t\t\t<div class=\"elementor-column elementor-col-50 elementor-top-column elementor-element elementor-element-9eb3208\" data-id=\"9eb3208\" data-element_type=\"column\">\n\t\t\t<div class=\"elementor-widget-wrap elementor-element-populated\">\n\t\t\t\t\t\t\t\t<div class=\"elementor-element elementor-element-72ba084 elementor-widget elementor-widget-text-editor\" data-id=\"72ba084\" data-element_type=\"widget\" data-widget_type=\"text-editor.default\">\n\t\t\t\t<div class=\"elementor-widget-container\">\n\t\t\t\t\t\t\t\t<p>A israelense Shamir se destaca no mercado como a dententora dos maiores e melhores departamentos de pesquisa e inova\u00e7\u00e3o de lentes oft\u00e1lmicas no mundo. Desta forma \u00e9 capaz de assegurar o m\u00e1ximo conforto e personaliza\u00e7\u00e3o ao usu\u00e1rio, atrav\u00e9s de seus designs considerados o estado da arte entre as lentes multifocais.<\/p><p>J\u00e1 a marca nacional Lentes Personal, surgiu da parceria entre a COOPESP e a Shamir para trazer ao mercado brasileiro um produto acess\u00edvel, personalizado e confi\u00e1vel. Por isso, as Lentes Personal s\u00e3o comercializadas exclusivamente atrav\u00e9s de \u00f3ticas credenciadas a COOPESP. Os produtos t\u00eam como objetivo fornecer o alto padr\u00e3o de qualidade Shamir somados a uma rentabilidade maior aos parceiros credenciados.<\/p>\t\t\t\t\t\t<\/div>\n\t\t\t\t<\/div>\n\t\t\t\t\t<\/div>\n\t\t<\/div>\n\t\t\t\t<div class=\"elementor-column elementor-col-50 elementor-top-column elementor-element elementor-element-137e949\" data-id=\"137e949\" data-element_type=\"column\">\n\t\t\t<div class=\"elementor-widget-wrap elementor-element-populated\">\n\t\t\t\t\t\t\t\t<div class=\"elementor-element elementor-element-8368024 elementor-widget elementor-widget-image\" data-id=\"8368024\" data-element_type=\"widget\" data-widget_type=\"image.default\">\n\t\t\t\t<div class=\"elementor-widget-container\">\n\t\t\t\t\t\t\t\t\t\t\t\t\t\t\t<img width=\"3456\" height=\"2304\" src=\"https:\/\/starclic.com.br\/wp-content\/uploads\/2021\/11\/laboratorio.png\" class=\"attachment-full size-full\" alt=\"\" loading=\"lazy\" srcset=\"https:\/\/starclic.com.br\/wp-content\/uploads\/2021\/11\/laboratorio.png 3456w, https:\/\/starclic.com.br\/wp-content\/uploads\/2021\/11\/laboratorio-1024x683.png 1024w, https:\/\/starclic.com.br\/wp-content\/uploads\/2021\/11\/laboratorio-768x512.png 768w, https:\/\/starclic.com.br\/wp-content\/uploads\/2021\/11\/laboratorio-1536x1024.png 1536w, https:\/\/starclic.com.br\/wp-content\/uploads\/2021\/11\/laboratorio-2048x1365.png 2048w, https:\/\/starclic.com.br\/wp-content\/uploads\/2021\/11\/laboratorio-640x427.png 640w, https:\/\/starclic.com.br\/wp-content\/uploads\/2021\/11\/laboratorio-400x267.png 400w, https:\/\/starclic.com.br\/wp-content\/uploads\/2021\/11\/laboratorio-367x245.png 367w\" sizes=\"(max-width: 3456px) 100vw, 3456px\" \/>\t\t\t\t\t\t\t\t\t\t\t\t\t\t\t<\/div>\n\t\t\t\t<\/div>\n\t\t\t\t\t<\/div>\n\t\t<\/div>\n\t\t\t\t\t\t<\/div>\r\n\t\t\t\t<\/section>\r\n\t\t\t\t<section class=\"elementor-section elementor-top-section elementor-element elementor-element-a16a0cf pt-4 pb-5 mb-3 mb-lg-4 elementor-section-content-middle elementor-section-boxed elementor-section-height-default elementor-section-height-default\" data-id=\"a16a0cf\" data-element_type=\"section\">\r\n\t\t\t\r\n\t\t\t\t\t\t\t\t\t<div class=\"elementor-container elementor-column-gap-default\">\r\n\t\t\t\t\t\t\t\t\t\t\t<div class=\"elementor-column elementor-col-50 elementor-top-column elementor-element elementor-element-edd1582 pb-4 pb-lg-0\" data-id=\"edd1582\" data-element_type=\"column\">\n\t\t\t<div class=\"elementor-widget-wrap elementor-element-populated\">\n\t\t\t\t\t\t\t\t<div class=\"elementor-section elementor-inner-section elementor-element elementor-element-0006825 elementor-section-full_width approach-img elementor-section-height-default elementor-section-height-default\" data-id=\"0006825\" data-element_type=\"section\">\r\n\t\t\t\r\n\t\t\t\t\t\t\t\t\t<div class=\"elementor-container elementor-column-gap-no porto-ibanner\">\r\n\t\t\t\t\t\t\t\t\t\t\t<div class=\"elementor-column elementor-col-25 elementor-inner-column elementor-element elementor-element-9c6e44e\" data-id=\"9c6e44e\" data-element_type=\"column\">\n\t\t\t<div class=\"porto-ibanner-layer elementor-widget-wrap elementor-element-populated\" style=\"left: 50%;top: 50%;transform: translate(-50%, -50%);\">\n\t\t\t\t\t\t\t\t\t<\/div>\n\t\t<\/div>\n\t\t\t\t<div class=\"elementor-column elementor-col-25 elementor-inner-column elementor-element elementor-element-4061d1a\" data-id=\"4061d1a\" data-element_type=\"column\" data-settings=\"{&quot;background_background&quot;:&quot;classic&quot;}\">\n\t\t\t<div class=\"porto-ibanner-layer rounded-circle elementor-widget-wrap\" style=\"left:4%;top:4%;\" data-appear-animation=\"zoomIn\" data-appear-animation-delay=\"100\">\n\t\t\t\t\t\t\t\t\t<\/div>\n\t\t<\/div>\n\t\t\t\t<div class=\"elementor-column elementor-col-25 elementor-inner-column elementor-element elementor-element-52f0bc3\" data-id=\"52f0bc3\" data-element_type=\"column\">\n\t\t\t<div class=\"porto-ibanner-layer background-color-tertiary rounded-circle elementor-widget-wrap\" style=\"right:2%;top:23.4%;\" data-appear-animation=\"zoomIn\" data-appear-animation-delay=\"100\">\n\t\t\t\t\t\t\t\t\t<\/div>\n\t\t<\/div>\n\t\t\t\t<div class=\"elementor-column elementor-col-25 elementor-inner-column elementor-element elementor-element-f75755c\" data-id=\"f75755c\" data-element_type=\"column\">\n\t\t\t<div class=\"porto-ibanner-layer background-color-tertiary rounded-circle elementor-widget-wrap\" style=\"left:18.5%;bottom:0%;\" data-appear-animation=\"zoomIn\" data-appear-animation-delay=\"100\">\n\t\t\t\t\t\t\t\t\t<\/div>\n\t\t<\/div>\n\t\t\t\t\t\t<\/div>\r\n\t\t\t\t<\/div>\r\n\t\t\t\t\t<\/div>\n\t\t<\/div>\n\t\t\t\t<div class=\"elementor-column elementor-col-50 elementor-top-column elementor-element elementor-element-aa41561 p-l-lg\" data-id=\"aa41561\" data-element_type=\"column\">\n\t\t\t<div class=\"elementor-widget-wrap elementor-element-populated\">\n\t\t\t\t\t\t\t\t<div class=\"elementor-element elementor-element-95a5c58 btn-primary-outline btn-arrow-move elementor-invisible elementor-widget elementor-widget-porto_button\" data-id=\"95a5c58\" data-element_type=\"widget\" data-settings=\"{&quot;_animation&quot;:&quot;fadeInLeft&quot;,&quot;_animation_delay&quot;:600}\" data-widget_type=\"porto_button.default\">\n\t\t\t\t<div class=\"elementor-widget-container\">\n\t\t\t<a class=\"btn btn-md btn-primary btn-borders btn-icon btn-icon-right\" href=\"#\"><span >Fale com a gente!<\/span><i class=\"fas fa-arrow-right\"><\/i><\/a>\t\t<\/div>\n\t\t\t\t<\/div>\n\t\t\t\t\t<\/div>\n\t\t<\/div>\n\t\t\t\t\t\t<\/div>\r\n\t\t\t\t<\/section>\r\n\t\t\t\t\t\t<\/div>\n\t\t\t\t\t<\/div>\n\t\t","protected":false},"excerpt":{"rendered":"<p>Para sua melhor vers\u00e3o Uma vis\u00e3o de excel\u00eancia Fundada em 2010, em Itapetininga, S\u00e3o Paulo, em parceria com a multinacional Shamir Optical Industry Ltd., o Starclic se consolidou como ind\u00fastria especializada em produ\u00e7\u00e3o de lentes oft\u00e1lmicas de alta performance. Tendo como pilares a qualidade e a transpar\u00eancia para com seus clientes, o laborat\u00f3rio trabalha com [&hellip;]<\/p>\n","protected":false},"author":1,"featured_media":0,"parent":0,"menu_order":0,"comment_status":"closed","ping_status":"closed","template":"","meta":[],"_links":{"self":[{"href":"https:\/\/starclic.com.br\/index.php\/wp-json\/wp\/v2\/pages\/8"}],"collection":[{"href":"https:\/\/starclic.com.br\/index.php\/wp-json\/wp\/v2\/pages"}],"about":[{"href":"https:\/\/starclic.com.br\/index.php\/wp-json\/wp\/v2\/types\/page"}],"author":[{"embeddable":true,"href":"https:\/\/starclic.com.br\/index.php\/wp-json\/wp\/v2\/users\/1"}],"replies":[{"embeddable":true,"href":"https:\/\/starclic.com.br\/index.php\/wp-json\/wp\/v2\/comments?post=8"}],"version-history":[{"count":131,"href":"https:\/\/starclic.com.br\/index.php\/wp-json\/wp\/v2\/pages\/8\/revisions"}],"predecessor-version":[{"id":1453,"href":"https:\/\/starclic.com.br\/index.php\/wp-json\/wp\/v2\/pages\/8\/revisions\/1453"}],"wp:attachment":[{"href":"https:\/\/starclic.com.br\/index.php\/wp-json\/wp\/v2\/media?parent=8"}],"curies":[{"name":"wp","href":"https:\/\/api.w.org\/{rel}","templated":true}]}}