{"id":468,"date":"2020-07-03T03:30:04","date_gmt":"2020-07-03T03:30:04","guid":{"rendered":"http:\/\/sw-themes.com\/porto_dummy\/elementor\/digital-agency2\/?page_id=468"},"modified":"2021-11-25T13:59:31","modified_gmt":"2021-11-25T16:59:31","slug":"tratamento","status":"publish","type":"page","link":"https:\/\/starclic.com.br\/index.php\/servicos\/tratamento\/","title":{"rendered":"Tratamento"},"content":{"rendered":"\t\t<div data-elementor-type=\"wp-page\" data-elementor-id=\"468\" class=\"elementor elementor-468\" data-elementor-settings=\"[]\">\n\t\t\t\t\t\t\t<div class=\"elementor-section-wrap\">\n\t\t\t\t\t\t\t<section class=\"elementor-section elementor-top-section elementor-element elementor-element-2847965 flex-wrap-wrap pt-2 pb-5 elementor-section-boxed elementor-section-height-default elementor-section-height-default\" data-id=\"2847965\" data-element_type=\"section\">\r\n\t\t\t\r\n\t\t\t\t\t\t\t\t\t<div class=\"elementor-container elementor-column-gap-default\">\r\n\t\t\t\t\t\t\t\t\t\t\t<div class=\"elementor-column elementor-col-50 elementor-top-column elementor-element elementor-element-cf7a202 col-lg-12 col-xl-4 px-0\" data-id=\"cf7a202\" data-element_type=\"column\">\n\t\t\t<div class=\"elementor-widget-wrap elementor-element-populated\">\n\t\t\t\t\t\t\t\t<div class=\"elementor-element elementor-element-a550e28 zigzag mb-4 pb-3 elementor-widget elementor-widget-heading\" data-id=\"a550e28\" data-element_type=\"widget\" data-widget_type=\"heading.default\">\n\t\t\t\t<div class=\"elementor-widget-container\">\n\t\t\t<h3 class=\"elementor-heading-title elementor-size-default\">Como n\u00f3s podemos te ajudar<\/h3>\t\t<\/div>\n\t\t\t\t<\/div>\n\t\t\t\t\t<\/div>\n\t\t<\/div>\n\t\t\t\t<div class=\"elementor-column elementor-col-50 elementor-top-column elementor-element elementor-element-21caf72 col-lg-12 col-xl-8 px-0\" data-id=\"21caf72\" data-element_type=\"column\">\n\t\t\t<div class=\"elementor-widget-wrap elementor-element-populated\">\n\t\t\t\t\t\t\t\t<div class=\"elementor-element elementor-element-d69a59c elementor-invisible elementor-widget elementor-widget-porto_ultimate_heading\" data-id=\"d69a59c\" data-element_type=\"widget\" data-settings=\"{&quot;_animation&quot;:&quot;fadeIn&quot;,&quot;_animation_delay&quot;:200}\" data-widget_type=\"porto_ultimate_heading.default\">\n\t\t\t\t<div class=\"elementor-widget-container\">\n\t\t\t<div class=\"porto-u-heading\" data-hspacer=\"no_spacer\" data-halign=\"left\" style=\"text-align:left\"><div class=\"porto-u-sub-heading\" style=\"\"><p class=\"mb-4 appear-animation animated fadeIn appear-animation-visible\" data-appear-animation=\"fadeIn\" data-appear-animation-delay=\"400\">\u00c9 fundamental oferecer lentes antirreflexo aos usu\u00e1rios de \u00f3culos, afinal, proporcionar uma vis\u00e3o mais n\u00edtida e confort\u00e1vel \u00e9 prezar pelo conforto visual do cliente, aliando est\u00e9tica e transpar\u00eancia.<\/p><\/div><\/div>\t\t<\/div>\n\t\t\t\t<\/div>\n\t\t\t\t<div class=\"elementor-element elementor-element-1fd8b9d pb-5 elementor-invisible elementor-widget elementor-widget-image\" data-id=\"1fd8b9d\" data-element_type=\"widget\" data-settings=\"{&quot;_animation&quot;:&quot;fadeIn&quot;,&quot;_animation_delay&quot;:800}\" data-widget_type=\"image.default\">\n\t\t\t\t<div class=\"elementor-widget-container\">\n\t\t\t\t\t\t\t\t\t\t\t\t\t\t\t<img width=\"3456\" height=\"2304\" src=\"https:\/\/starclic.com.br\/wp-content\/uploads\/2021\/11\/tratamento.png\" class=\"attachment-full size-full\" alt=\"\" loading=\"lazy\" srcset=\"https:\/\/starclic.com.br\/wp-content\/uploads\/2021\/11\/tratamento.png 3456w, https:\/\/starclic.com.br\/wp-content\/uploads\/2021\/11\/tratamento-1024x683.png 1024w, https:\/\/starclic.com.br\/wp-content\/uploads\/2021\/11\/tratamento-768x512.png 768w, https:\/\/starclic.com.br\/wp-content\/uploads\/2021\/11\/tratamento-1536x1024.png 1536w, https:\/\/starclic.com.br\/wp-content\/uploads\/2021\/11\/tratamento-2048x1365.png 2048w, https:\/\/starclic.com.br\/wp-content\/uploads\/2021\/11\/tratamento-640x427.png 640w, https:\/\/starclic.com.br\/wp-content\/uploads\/2021\/11\/tratamento-400x267.png 400w, https:\/\/starclic.com.br\/wp-content\/uploads\/2021\/11\/tratamento-367x245.png 367w\" sizes=\"(max-width: 3456px) 100vw, 3456px\" \/>\t\t\t\t\t\t\t\t\t\t\t\t\t\t\t<\/div>\n\t\t\t\t<\/div>\n\t\t\t\t<div class=\"elementor-element elementor-element-02af479 elementor-widget-divider--view-line_text elementor-widget-divider--element-align-right mb-4 elementor-invisible elementor-widget elementor-widget-divider\" data-id=\"02af479\" data-element_type=\"widget\" data-settings=\"{&quot;_animation&quot;:&quot;fadeIn&quot;,&quot;_animation_delay&quot;:200}\" data-widget_type=\"divider.default\">\n\t\t\t\t<div class=\"elementor-widget-container\">\n\t\t\t\t\t<div class=\"elementor-divider\">\n\t\t\t<span class=\"elementor-divider-separator\">\n\t\t\t\t\t\t\t<span class=\"elementor-divider__text elementor-divider__element\">\u00c9 por isso que a STARCLIC mant\u00e9m o que h\u00e1 de melhor em tecnologia antirreflexo, visando manter a qualidade do produto e a satisfa\u00e7\u00e3o dos clientes.<\/span>\n\t\t\t\t\t\t<\/span>\n\t\t<\/div>\n\t\t\t\t<\/div>\n\t\t\t\t<\/div>\n\t\t\t\t\t<\/div>\n\t\t<\/div>\n\t\t\t\t\t\t<\/div>\r\n\t\t\t\t<\/section>\r\n\t\t\t\t\t\t<\/div>\n\t\t\t\t\t<\/div>\n\t\t","protected":false},"excerpt":{"rendered":"<p>Como n\u00f3s podemos te ajudar \u00c9 fundamental oferecer lentes antirreflexo aos usu\u00e1rios de \u00f3culos, afinal, proporcionar uma vis\u00e3o mais n\u00edtida e confort\u00e1vel \u00e9 prezar pelo conforto visual do cliente, aliando est\u00e9tica e transpar\u00eancia. \u00c9 por isso que a STARCLIC mant\u00e9m o que h\u00e1 de melhor em tecnologia antirreflexo, visando manter a qualidade do produto e [&hellip;]<\/p>\n","protected":false},"author":1,"featured_media":0,"parent":10,"menu_order":0,"comment_status":"closed","ping_status":"closed","template":"","meta":[],"_links":{"self":[{"href":"https:\/\/starclic.com.br\/index.php\/wp-json\/wp\/v2\/pages\/468"}],"collection":[{"href":"https:\/\/starclic.com.br\/index.php\/wp-json\/wp\/v2\/pages"}],"about":[{"href":"https:\/\/starclic.com.br\/index.php\/wp-json\/wp\/v2\/types\/page"}],"author":[{"embeddable":true,"href":"https:\/\/starclic.com.br\/index.php\/wp-json\/wp\/v2\/users\/1"}],"replies":[{"embeddable":true,"href":"https:\/\/starclic.com.br\/index.php\/wp-json\/wp\/v2\/comments?post=468"}],"version-history":[{"count":22,"href":"https:\/\/starclic.com.br\/index.php\/wp-json\/wp\/v2\/pages\/468\/revisions"}],"predecessor-version":[{"id":1435,"href":"https:\/\/starclic.com.br\/index.php\/wp-json\/wp\/v2\/pages\/468\/revisions\/1435"}],"up":[{"embeddable":true,"href":"https:\/\/starclic.com.br\/index.php\/wp-json\/wp\/v2\/pages\/10"}],"wp:attachment":[{"href":"https:\/\/starclic.com.br\/index.php\/wp-json\/wp\/v2\/media?parent=468"}],"curies":[{"name":"wp","href":"https:\/\/api.w.org\/{rel}","templated":true}]}}