{"id":466,"date":"2020-07-03T03:30:03","date_gmt":"2020-07-03T03:30:03","guid":{"rendered":"http:\/\/sw-themes.com\/porto_dummy\/elementor\/digital-agency2\/?page_id=466"},"modified":"2021-11-25T13:49:38","modified_gmt":"2021-11-25T16:49:38","slug":"montagem","status":"publish","type":"page","link":"https:\/\/starclic.com.br\/index.php\/servicos\/montagem\/","title":{"rendered":"Montagem"},"content":{"rendered":"\t\t<div data-elementor-type=\"wp-page\" data-elementor-id=\"466\" class=\"elementor elementor-466\" data-elementor-settings=\"[]\">\n\t\t\t\t\t\t\t<div class=\"elementor-section-wrap\">\n\t\t\t\t\t\t\t<section class=\"elementor-section elementor-top-section elementor-element elementor-element-2459bb7 flex-wrap-wrap pt-2 pb-5 elementor-section-boxed elementor-section-height-default elementor-section-height-default\" data-id=\"2459bb7\" data-element_type=\"section\">\r\n\t\t\t\r\n\t\t\t\t\t\t\t\t\t<div class=\"elementor-container elementor-column-gap-default\">\r\n\t\t\t\t\t\t\t\t\t\t\t<div class=\"elementor-column elementor-col-50 elementor-top-column elementor-element elementor-element-aa2c244 col-lg-12 col-xl-4 px-0\" data-id=\"aa2c244\" data-element_type=\"column\">\n\t\t\t<div class=\"elementor-widget-wrap elementor-element-populated\">\n\t\t\t\t\t\t\t\t<div class=\"elementor-element elementor-element-03f9d51 zigzag mb-4 pb-3 elementor-widget elementor-widget-heading\" data-id=\"03f9d51\" data-element_type=\"widget\" data-widget_type=\"heading.default\">\n\t\t\t\t<div class=\"elementor-widget-container\">\n\t\t\t<h3 class=\"elementor-heading-title elementor-size-default\">Como n\u00f3s podemos te ajudar<\/h3>\t\t<\/div>\n\t\t\t\t<\/div>\n\t\t\t\t\t<\/div>\n\t\t<\/div>\n\t\t\t\t<div class=\"elementor-column elementor-col-50 elementor-top-column elementor-element elementor-element-ec8a3aa col-lg-12 col-xl-8 px-0\" data-id=\"ec8a3aa\" data-element_type=\"column\">\n\t\t\t<div class=\"elementor-widget-wrap elementor-element-populated\">\n\t\t\t\t\t\t\t\t<div class=\"elementor-element elementor-element-fbf2695 elementor-invisible elementor-widget elementor-widget-porto_ultimate_heading\" data-id=\"fbf2695\" data-element_type=\"widget\" data-settings=\"{&quot;_animation&quot;:&quot;fadeIn&quot;,&quot;_animation_delay&quot;:200}\" data-widget_type=\"porto_ultimate_heading.default\">\n\t\t\t\t<div class=\"elementor-widget-container\">\n\t\t\t<div class=\"porto-u-heading\" data-hspacer=\"no_spacer\" data-halign=\"left\" style=\"text-align:left\"><div class=\"porto-u-sub-heading\" style=\"\"><p>Al\u00e9m da fabrica\u00e7\u00e3o de lentes, a STARCLIC realiza a montagem das lentes adaptando-as na arma\u00e7\u00e3o.<\/p><p>Um servi\u00e7o realizado cuidadosamente com tecnologia de ponta e equipamentos dos melhores fabricantes do mercado.<\/p><\/div><\/div>\t\t<\/div>\n\t\t\t\t<\/div>\n\t\t\t\t<div class=\"elementor-element elementor-element-175e820 pb-5 elementor-invisible elementor-widget elementor-widget-image\" data-id=\"175e820\" data-element_type=\"widget\" data-settings=\"{&quot;_animation&quot;:&quot;fadeIn&quot;,&quot;_animation_delay&quot;:800}\" data-widget_type=\"image.default\">\n\t\t\t\t<div class=\"elementor-widget-container\">\n\t\t\t\t\t\t\t\t\t\t\t\t\t\t\t<img width=\"3456\" height=\"2304\" src=\"https:\/\/starclic.com.br\/wp-content\/uploads\/2021\/11\/montagem.png\" class=\"attachment-full size-full\" alt=\"\" loading=\"lazy\" srcset=\"https:\/\/starclic.com.br\/wp-content\/uploads\/2021\/11\/montagem.png 3456w, https:\/\/starclic.com.br\/wp-content\/uploads\/2021\/11\/montagem-1024x683.png 1024w, https:\/\/starclic.com.br\/wp-content\/uploads\/2021\/11\/montagem-768x512.png 768w, https:\/\/starclic.com.br\/wp-content\/uploads\/2021\/11\/montagem-1536x1024.png 1536w, https:\/\/starclic.com.br\/wp-content\/uploads\/2021\/11\/montagem-2048x1365.png 2048w, https:\/\/starclic.com.br\/wp-content\/uploads\/2021\/11\/montagem-640x427.png 640w, https:\/\/starclic.com.br\/wp-content\/uploads\/2021\/11\/montagem-400x267.png 400w, https:\/\/starclic.com.br\/wp-content\/uploads\/2021\/11\/montagem-367x245.png 367w\" sizes=\"(max-width: 3456px) 100vw, 3456px\" \/>\t\t\t\t\t\t\t\t\t\t\t\t\t\t\t<\/div>\n\t\t\t\t<\/div>\n\t\t\t\t<div class=\"elementor-element elementor-element-e022558 elementor-widget-divider--view-line_text elementor-widget-divider--element-align-right mb-4 elementor-invisible elementor-widget elementor-widget-divider\" data-id=\"e022558\" data-element_type=\"widget\" data-settings=\"{&quot;_animation&quot;:&quot;fadeIn&quot;,&quot;_animation_delay&quot;:600}\" data-widget_type=\"divider.default\">\n\t\t\t\t<div class=\"elementor-widget-container\">\n\t\t\t\t\t<div class=\"elementor-divider\">\n\t\t\t<span class=\"elementor-divider-separator\">\n\t\t\t\t\t\t\t<span class=\"elementor-divider__text elementor-divider__element\">Dessa forma, \u00e9 poss\u00edvel garantir qualidade e excel\u00eancia no resultado final, j\u00e1 que na produ\u00e7\u00e3o robotizada, a montagem \u00e9 mais precisa e \u00e1gil, independente do tipo de arma\u00e7\u00e3o.<\/span>\n\t\t\t\t\t\t<\/span>\n\t\t<\/div>\n\t\t\t\t<\/div>\n\t\t\t\t<\/div>\n\t\t\t\t\t<\/div>\n\t\t<\/div>\n\t\t\t\t\t\t<\/div>\r\n\t\t\t\t<\/section>\r\n\t\t\t\t\t\t<\/div>\n\t\t\t\t\t<\/div>\n\t\t","protected":false},"excerpt":{"rendered":"<p>Como n\u00f3s podemos te ajudar Al\u00e9m da fabrica\u00e7\u00e3o de lentes, a STARCLIC realiza a montagem das lentes adaptando-as na arma\u00e7\u00e3o. Um servi\u00e7o realizado cuidadosamente com tecnologia de ponta e equipamentos dos melhores fabricantes do mercado. Dessa forma, \u00e9 poss\u00edvel garantir qualidade e excel\u00eancia no resultado final, j\u00e1 que na produ\u00e7\u00e3o robotizada, a montagem \u00e9 mais [&hellip;]<\/p>\n","protected":false},"author":1,"featured_media":0,"parent":10,"menu_order":0,"comment_status":"closed","ping_status":"closed","template":"","meta":[],"_links":{"self":[{"href":"https:\/\/starclic.com.br\/index.php\/wp-json\/wp\/v2\/pages\/466"}],"collection":[{"href":"https:\/\/starclic.com.br\/index.php\/wp-json\/wp\/v2\/pages"}],"about":[{"href":"https:\/\/starclic.com.br\/index.php\/wp-json\/wp\/v2\/types\/page"}],"author":[{"embeddable":true,"href":"https:\/\/starclic.com.br\/index.php\/wp-json\/wp\/v2\/users\/1"}],"replies":[{"embeddable":true,"href":"https:\/\/starclic.com.br\/index.php\/wp-json\/wp\/v2\/comments?post=466"}],"version-history":[{"count":31,"href":"https:\/\/starclic.com.br\/index.php\/wp-json\/wp\/v2\/pages\/466\/revisions"}],"predecessor-version":[{"id":1427,"href":"https:\/\/starclic.com.br\/index.php\/wp-json\/wp\/v2\/pages\/466\/revisions\/1427"}],"up":[{"embeddable":true,"href":"https:\/\/starclic.com.br\/index.php\/wp-json\/wp\/v2\/pages\/10"}],"wp:attachment":[{"href":"https:\/\/starclic.com.br\/index.php\/wp-json\/wp\/v2\/media?parent=466"}],"curies":[{"name":"wp","href":"https:\/\/api.w.org\/{rel}","templated":true}]}}