{"id":1094,"date":"2021-11-03T13:55:57","date_gmt":"2021-11-03T16:55:57","guid":{"rendered":"http:\/\/starclic.com.br\/?page_id=1094"},"modified":"2021-11-08T15:38:48","modified_gmt":"2021-11-08T18:38:48","slug":"lente-personal","status":"publish","type":"page","link":"https:\/\/starclic.com.br\/index.php\/produtos\/lente-personal\/","title":{"rendered":"Lente Personal"},"content":{"rendered":"\t\t<div data-elementor-type=\"wp-page\" data-elementor-id=\"1094\" class=\"elementor elementor-1094\" data-elementor-settings=\"[]\">\n\t\t\t\t\t\t\t<div class=\"elementor-section-wrap\">\n\t\t\t\t\t\t\t<section class=\"elementor-section elementor-top-section elementor-element elementor-element-8835c33 elementor-section-boxed elementor-section-height-default elementor-section-height-default\" data-id=\"8835c33\" data-element_type=\"section\">\r\n\t\t\t\r\n\t\t\t\t\t\t\t\t\t<div class=\"elementor-container elementor-column-gap-default\">\r\n\t\t\t\t\t\t\t\t\t\t\t<div class=\"elementor-column elementor-col-50 elementor-top-column elementor-element elementor-element-21bfc80\" data-id=\"21bfc80\" data-element_type=\"column\">\n\t\t\t<div class=\"elementor-widget-wrap elementor-element-populated\">\n\t\t\t\t\t\t\t\t<div class=\"elementor-element elementor-element-abd1a28 elementor-widget elementor-widget-text-editor\" data-id=\"abd1a28\" data-element_type=\"widget\" data-widget_type=\"text-editor.default\">\n\t\t\t\t<div class=\"elementor-widget-container\">\n\t\t\t\t\t\t\t\t<p>As Lentes Personal nasceram pela necessidade de oferecer aos consumidores brasileiros, lentes \u00fanicas e com \u00f3timo custo-benef\u00edcio. Assim fez-se parceria com a Shamir, multinacional com sede em Israel, conhecida h\u00e1 quatro d\u00e9cadas por seus produtos inovadores.<\/p><p>Com a tecnologia Free Form, as Lentes Personal <strong>tornaram-se <\/strong>uma marca de excel\u00eancia que garante adaptabilidade e exclusividade ao consumidor.<\/p>\t\t\t\t\t\t<\/div>\n\t\t\t\t<\/div>\n\t\t\t\t<div class=\"elementor-element elementor-element-50c3b9c elementor-widget elementor-widget-image\" data-id=\"50c3b9c\" data-element_type=\"widget\" data-widget_type=\"image.default\">\n\t\t\t\t<div class=\"elementor-widget-container\">\n\t\t\t\t\t\t\t\t\t\t\t\t\t\t\t<img width=\"300\" height=\"150\" src=\"https:\/\/starclic.com.br\/wp-content\/uploads\/2021\/11\/PERSONAL_marca-300x150.png\" class=\"attachment-medium size-medium\" alt=\"\" loading=\"lazy\" \/>\t\t\t\t\t\t\t\t\t\t\t\t\t\t\t<\/div>\n\t\t\t\t<\/div>\n\t\t\t\t<div class=\"elementor-element elementor-element-c6c23d5 elementor-align-center elementor-widget elementor-widget-button\" data-id=\"c6c23d5\" data-element_type=\"widget\" data-widget_type=\"button.default\">\n\t\t\t\t<div class=\"elementor-widget-container\">\n\t\t\t\t\t<div class=\"elementor-button-wrapper\">\n\t\t\t<a href=\"http:\/\/www.lentespersonal.com.br\/\" class=\"elementor-button-link elementor-button elementor-size-sm\" role=\"button\">\n\t\t\t\t\t\t<span class=\"elementor-button-content-wrapper\">\n\t\t\t\t\t\t<span class=\"elementor-button-text\">Saiba mais <\/span>\n\t\t<\/span>\n\t\t\t\t\t<\/a>\n\t\t<\/div>\n\t\t\t\t<\/div>\n\t\t\t\t<\/div>\n\t\t\t\t\t<\/div>\n\t\t<\/div>\n\t\t\t\t<div class=\"elementor-column elementor-col-50 elementor-top-column elementor-element elementor-element-cda23ac\" data-id=\"cda23ac\" data-element_type=\"column\">\n\t\t\t<div class=\"elementor-widget-wrap elementor-element-populated\">\n\t\t\t\t\t\t\t\t<div class=\"elementor-element elementor-element-d818c97 elementor-widget elementor-widget-image\" data-id=\"d818c97\" data-element_type=\"widget\" data-widget_type=\"image.default\">\n\t\t\t\t<div class=\"elementor-widget-container\">\n\t\t\t\t\t\t\t\t\t\t\t\t\t\t\t<img width=\"997\" height=\"1024\" src=\"https:\/\/starclic.com.br\/wp-content\/uploads\/2021\/11\/mapa-lentes-personal-997x1024.png\" class=\"attachment-large size-large\" alt=\"\" loading=\"lazy\" srcset=\"https:\/\/starclic.com.br\/wp-content\/uploads\/2021\/11\/mapa-lentes-personal-997x1024.png 997w, https:\/\/starclic.com.br\/wp-content\/uploads\/2021\/11\/mapa-lentes-personal-768x788.png 768w, https:\/\/starclic.com.br\/wp-content\/uploads\/2021\/11\/mapa-lentes-personal-640x657.png 640w, https:\/\/starclic.com.br\/wp-content\/uploads\/2021\/11\/mapa-lentes-personal-400x411.png 400w, https:\/\/starclic.com.br\/wp-content\/uploads\/2021\/11\/mapa-lentes-personal-367x377.png 367w\" sizes=\"(max-width: 997px) 100vw, 997px\" \/>\t\t\t\t\t\t\t\t\t\t\t\t\t\t\t<\/div>\n\t\t\t\t<\/div>\n\t\t\t\t\t<\/div>\n\t\t<\/div>\n\t\t\t\t\t\t<\/div>\r\n\t\t\t\t<\/section>\r\n\t\t\t\t\t\t<\/div>\n\t\t\t\t\t<\/div>\n\t\t","protected":false},"excerpt":{"rendered":"<p>As Lentes Personal nasceram pela necessidade de oferecer aos consumidores brasileiros, lentes \u00fanicas e com \u00f3timo custo-benef\u00edcio. Assim fez-se parceria com a Shamir, multinacional com sede em Israel, conhecida h\u00e1 quatro d\u00e9cadas por seus produtos inovadores. Com a tecnologia Free Form, as Lentes Personal tornaram-se uma marca de excel\u00eancia que garante adaptabilidade e exclusividade ao [&hellip;]<\/p>\n","protected":false},"author":1,"featured_media":0,"parent":1090,"menu_order":0,"comment_status":"closed","ping_status":"closed","template":"","meta":[],"_links":{"self":[{"href":"https:\/\/starclic.com.br\/index.php\/wp-json\/wp\/v2\/pages\/1094"}],"collection":[{"href":"https:\/\/starclic.com.br\/index.php\/wp-json\/wp\/v2\/pages"}],"about":[{"href":"https:\/\/starclic.com.br\/index.php\/wp-json\/wp\/v2\/types\/page"}],"author":[{"embeddable":true,"href":"https:\/\/starclic.com.br\/index.php\/wp-json\/wp\/v2\/users\/1"}],"replies":[{"embeddable":true,"href":"https:\/\/starclic.com.br\/index.php\/wp-json\/wp\/v2\/comments?post=1094"}],"version-history":[{"count":19,"href":"https:\/\/starclic.com.br\/index.php\/wp-json\/wp\/v2\/pages\/1094\/revisions"}],"predecessor-version":[{"id":1207,"href":"https:\/\/starclic.com.br\/index.php\/wp-json\/wp\/v2\/pages\/1094\/revisions\/1207"}],"up":[{"embeddable":true,"href":"https:\/\/starclic.com.br\/index.php\/wp-json\/wp\/v2\/pages\/1090"}],"wp:attachment":[{"href":"https:\/\/starclic.com.br\/index.php\/wp-json\/wp\/v2\/media?parent=1094"}],"curies":[{"name":"wp","href":"https:\/\/api.w.org\/{rel}","templated":true}]}}